{"id":9,"date":"2025-02-22T19:16:15","date_gmt":"2025-02-22T19:16:15","guid":{"rendered":"https:\/\/test.iaamb.com.mx\/?page_id=9"},"modified":"2025-06-02T20:32:23","modified_gmt":"2025-06-02T20:32:23","slug":"nosotros","status":"publish","type":"page","link":"https:\/\/test.iaamb.com.mx\/?page_id=9","title":{"rendered":"Nosotros"},"content":{"rendered":"\t\t<div data-elementor-type=\"wp-page\" data-elementor-id=\"9\" class=\"elementor elementor-9\" data-elementor-post-type=\"page\">\n\t\t\t\t<div class=\"elementor-element elementor-element-12d441a e-flex e-con-boxed e-con e-parent\" data-id=\"12d441a\" data-element_type=\"container\" data-settings=\"{&quot;background_background&quot;:&quot;slideshow&quot;,&quot;background_slideshow_gallery&quot;:[{&quot;id&quot;:1430,&quot;url&quot;:&quot;https:\\\/\\\/test.iaamb.com.mx\\\/wp-content\\\/uploads\\\/2025\\\/03\\\/9.jpg&quot;},{&quot;id&quot;:1431,&quot;url&quot;:&quot;https:\\\/\\\/test.iaamb.com.mx\\\/wp-content\\\/uploads\\\/2025\\\/03\\\/10.jpg&quot;},{&quot;id&quot;:1432,&quot;url&quot;:&quot;https:\\\/\\\/test.iaamb.com.mx\\\/wp-content\\\/uploads\\\/2025\\\/03\\\/11.jpg&quot;},{&quot;id&quot;:1433,&quot;url&quot;:&quot;https:\\\/\\\/test.iaamb.com.mx\\\/wp-content\\\/uploads\\\/2025\\\/03\\\/12.jpg&quot;},{&quot;id&quot;:1434,&quot;url&quot;:&quot;https:\\\/\\\/test.iaamb.com.mx\\\/wp-content\\\/uploads\\\/2025\\\/03\\\/1.jpg&quot;},{&quot;id&quot;:1435,&quot;url&quot;:&quot;https:\\\/\\\/test.iaamb.com.mx\\\/wp-content\\\/uploads\\\/2025\\\/03\\\/2.jpg&quot;},{&quot;id&quot;:1436,&quot;url&quot;:&quot;https:\\\/\\\/test.iaamb.com.mx\\\/wp-content\\\/uploads\\\/2025\\\/03\\\/3.jpg&quot;},{&quot;id&quot;:1437,&quot;url&quot;:&quot;https:\\\/\\\/test.iaamb.com.mx\\\/wp-content\\\/uploads\\\/2025\\\/03\\\/4.jpg&quot;},{&quot;id&quot;:1438,&quot;url&quot;:&quot;https:\\\/\\\/test.iaamb.com.mx\\\/wp-content\\\/uploads\\\/2025\\\/03\\\/5.jpg&quot;},{&quot;id&quot;:1439,&quot;url&quot;:&quot;https:\\\/\\\/test.iaamb.com.mx\\\/wp-content\\\/uploads\\\/2025\\\/03\\\/6.jpg&quot;},{&quot;id&quot;:1440,&quot;url&quot;:&quot;https:\\\/\\\/test.iaamb.com.mx\\\/wp-content\\\/uploads\\\/2025\\\/03\\\/7.jpg&quot;},{&quot;id&quot;:1441,&quot;url&quot;:&quot;https:\\\/\\\/test.iaamb.com.mx\\\/wp-content\\\/uploads\\\/2025\\\/03\\\/8.jpg&quot;}],&quot;background_slideshow_slide_duration&quot;:1000,&quot;background_slideshow_loop&quot;:&quot;yes&quot;,&quot;background_slideshow_slide_transition&quot;:&quot;fade&quot;,&quot;background_slideshow_transition_duration&quot;:500}\">\n\t\t\t\t\t<div class=\"e-con-inner\">\n\t\t<div class=\"elementor-element elementor-element-f733cd7 e-con-full e-flex e-con e-child\" data-id=\"f733cd7\" data-element_type=\"container\">\n\t\t\t\t<div class=\"elementor-element elementor-element-ef0b04d elementor-widget elementor-widget-spacer\" data-id=\"ef0b04d\" data-element_type=\"widget\" data-widget_type=\"spacer.default\">\n\t\t\t\t<div class=\"elementor-widget-container\">\n\t\t\t\t\t\t\t<div class=\"elementor-spacer\">\n\t\t\t<div class=\"elementor-spacer-inner\"><\/div>\n\t\t<\/div>\n\t\t\t\t\t\t<\/div>\n\t\t\t\t<\/div>\n\t\t\t\t<\/div>\n\t\t\t\t\t<\/div>\n\t\t\t\t<\/div>\n\t\t<div class=\"elementor-element elementor-element-4ff2761 e-flex e-con-boxed e-con e-parent\" data-id=\"4ff2761\" data-element_type=\"container\" data-settings=\"{&quot;background_background&quot;:&quot;classic&quot;}\">\n\t\t\t\t\t<div class=\"e-con-inner\">\n\t\t<div class=\"elementor-element elementor-element-a970a33 e-con-full e-flex elementor-invisible e-con e-child\" data-id=\"a970a33\" data-element_type=\"container\" data-settings=\"{&quot;background_background&quot;:&quot;classic&quot;,&quot;animation&quot;:&quot;fadeInUp&quot;,&quot;animation_delay&quot;:100}\">\n\t\t\t\t<div class=\"elementor-element elementor-element-d5735c6 elementor-view-default elementor-widget elementor-widget-icon\" data-id=\"d5735c6\" data-element_type=\"widget\" data-widget_type=\"icon.default\">\n\t\t\t\t<div class=\"elementor-widget-container\">\n\t\t\t\t\t\t\t<div class=\"elementor-icon-wrapper\">\n\t\t\t<div class=\"elementor-icon\">\n\t\t\t<i aria-hidden=\"true\" class=\"icon icon-shield11\"><\/i>\t\t\t<\/div>\n\t\t<\/div>\n\t\t\t\t\t\t<\/div>\n\t\t\t\t<\/div>\n\t\t\t\t<div class=\"elementor-element elementor-element-bff0ef8 elementor-widget elementor-widget-heading\" data-id=\"bff0ef8\" data-element_type=\"widget\" data-widget_type=\"heading.default\">\n\t\t\t\t<div class=\"elementor-widget-container\">\n\t\t\t\t\t<h2 class=\"elementor-heading-title elementor-size-default\">M\u00e1s de 20 a\u00f1os de experiencia<\/h2>\t\t\t\t<\/div>\n\t\t\t\t<\/div>\n\t\t\t\t<div class=\"elementor-element elementor-element-74d8ec3 elementor-widget elementor-widget-text-editor\" data-id=\"74d8ec3\" data-element_type=\"widget\" data-widget_type=\"text-editor.default\">\n\t\t\t\t<div class=\"elementor-widget-container\">\n\t\t\t\t\t\t\t\t\t<p>Nuestra trayectoria nos permite ofrecer soluciones de alta calidad, construyendo relaciones de confianza con nuestros clientes.<\/p>\t\t\t\t\t\t\t\t<\/div>\n\t\t\t\t<\/div>\n\t\t\t\t<\/div>\n\t\t<div class=\"elementor-element elementor-element-7152b37 e-con-full e-flex elementor-invisible e-con e-child\" data-id=\"7152b37\" data-element_type=\"container\" data-settings=\"{&quot;background_background&quot;:&quot;classic&quot;,&quot;animation&quot;:&quot;fadeInUp&quot;,&quot;animation_delay&quot;:200}\">\n\t\t\t\t<div class=\"elementor-element elementor-element-276cd04 elementor-view-default elementor-widget elementor-widget-icon\" data-id=\"276cd04\" data-element_type=\"widget\" data-widget_type=\"icon.default\">\n\t\t\t\t<div class=\"elementor-widget-container\">\n\t\t\t\t\t\t\t<div class=\"elementor-icon-wrapper\">\n\t\t\t<div class=\"elementor-icon\">\n\t\t\t<i aria-hidden=\"true\" class=\"icon icon-diploma\"><\/i>\t\t\t<\/div>\n\t\t<\/div>\n\t\t\t\t\t\t<\/div>\n\t\t\t\t<\/div>\n\t\t\t\t<div class=\"elementor-element elementor-element-f059834 elementor-widget elementor-widget-heading\" data-id=\"f059834\" data-element_type=\"widget\" data-widget_type=\"heading.default\">\n\t\t\t\t<div class=\"elementor-widget-container\">\n\t\t\t\t\t<h2 class=\"elementor-heading-title elementor-size-default\">Acreditaciones y Aprobaciones<\/h2>\t\t\t\t<\/div>\n\t\t\t\t<\/div>\n\t\t\t\t<div class=\"elementor-element elementor-element-1ad4e59 elementor-widget elementor-widget-text-editor\" data-id=\"1ad4e59\" data-element_type=\"widget\" data-widget_type=\"text-editor.default\">\n\t\t\t\t<div class=\"elementor-widget-container\">\n\t\t\t\t\t\t\t\t\t<p>Contamos con acreditaciones ante la EMA y aprobaciones ante STPS y SEMARNAT, lo que asegura la competencia t\u00e9cnica de nuestro personal y confiabilidad de nuestros resultados.<\/p>\t\t\t\t\t\t\t\t<\/div>\n\t\t\t\t<\/div>\n\t\t\t\t<\/div>\n\t\t<div class=\"elementor-element elementor-element-b1133cb e-con-full e-flex elementor-invisible e-con e-child\" data-id=\"b1133cb\" data-element_type=\"container\" data-settings=\"{&quot;background_background&quot;:&quot;classic&quot;,&quot;animation&quot;:&quot;fadeInUp&quot;,&quot;animation_delay&quot;:300}\">\n\t\t\t\t<div class=\"elementor-element elementor-element-748261b elementor-view-default elementor-widget elementor-widget-icon\" data-id=\"748261b\" data-element_type=\"widget\" data-widget_type=\"icon.default\">\n\t\t\t\t<div class=\"elementor-widget-container\">\n\t\t\t\t\t\t\t<div class=\"elementor-icon-wrapper\">\n\t\t\t<div class=\"elementor-icon\">\n\t\t\t<i aria-hidden=\"true\" class=\"icon icon-User\"><\/i>\t\t\t<\/div>\n\t\t<\/div>\n\t\t\t\t\t\t<\/div>\n\t\t\t\t<\/div>\n\t\t\t\t<div class=\"elementor-element elementor-element-8f9e869 elementor-widget elementor-widget-heading\" data-id=\"8f9e869\" data-element_type=\"widget\" data-widget_type=\"heading.default\">\n\t\t\t\t<div class=\"elementor-widget-container\">\n\t\t\t\t\t<h2 class=\"elementor-heading-title elementor-size-default\"> Soluciones a medida\n<\/h2>\t\t\t\t<\/div>\n\t\t\t\t<\/div>\n\t\t\t\t<div class=\"elementor-element elementor-element-3cfbbf8 elementor-widget elementor-widget-text-editor\" data-id=\"3cfbbf8\" data-element_type=\"widget\" data-widget_type=\"text-editor.default\">\n\t\t\t\t<div class=\"elementor-widget-container\">\n\t\t\t\t\t\t\t\t\t<p>Nos enfocamos en entender las necesidades espec\u00edficas de cada cliente, ofreciendo atenci\u00f3n personalizada y soluciones efectivas.<\/p>\t\t\t\t\t\t\t\t<\/div>\n\t\t\t\t<\/div>\n\t\t\t\t<\/div>\n\t\t<div class=\"elementor-element elementor-element-f335228 e-con-full e-flex elementor-invisible e-con e-child\" data-id=\"f335228\" data-element_type=\"container\" data-settings=\"{&quot;background_background&quot;:&quot;classic&quot;,&quot;animation&quot;:&quot;fadeInUp&quot;,&quot;animation_delay&quot;:400}\">\n\t\t\t\t<div class=\"elementor-element elementor-element-81718c9 elementor-view-default elementor-widget elementor-widget-icon\" data-id=\"81718c9\" data-element_type=\"widget\" data-widget_type=\"icon.default\">\n\t\t\t\t<div class=\"elementor-widget-container\">\n\t\t\t\t\t\t\t<div class=\"elementor-icon-wrapper\">\n\t\t\t<div class=\"elementor-icon\">\n\t\t\t<i aria-hidden=\"true\" class=\"icon icon-map\"><\/i>\t\t\t<\/div>\n\t\t<\/div>\n\t\t\t\t\t\t<\/div>\n\t\t\t\t<\/div>\n\t\t\t\t<div class=\"elementor-element elementor-element-fae8951 elementor-widget elementor-widget-heading\" data-id=\"fae8951\" data-element_type=\"widget\" data-widget_type=\"heading.default\">\n\t\t\t\t<div class=\"elementor-widget-container\">\n\t\t\t\t\t<h2 class=\"elementor-heading-title elementor-size-default\">Cobertura en todo el pa\u00eds\n<\/h2>\t\t\t\t<\/div>\n\t\t\t\t<\/div>\n\t\t\t\t<div class=\"elementor-element elementor-element-f7cd5d1 elementor-widget elementor-widget-text-editor\" data-id=\"f7cd5d1\" data-element_type=\"widget\" data-widget_type=\"text-editor.default\">\n\t\t\t\t<div class=\"elementor-widget-container\">\n\t\t\t\t\t\t\t\t\t<p>Contamos con oficinas y alianzas comerciales que nos permiten brindar servicios a nivel nacional, asegurando presencia y disponibilidad.<\/p>\t\t\t\t\t\t\t\t<\/div>\n\t\t\t\t<\/div>\n\t\t\t\t<\/div>\n\t\t\t\t\t<\/div>\n\t\t\t\t<\/div>\n\t\t<div class=\"elementor-element elementor-element-c202241 e-flex e-con-boxed e-con e-parent\" data-id=\"c202241\" data-element_type=\"container\" data-settings=\"{&quot;background_background&quot;:&quot;classic&quot;}\">\n\t\t\t\t\t<div class=\"e-con-inner\">\n\t\t\t\t<div class=\"elementor-element elementor-element-f961f14 elementor-widget elementor-widget-heading\" data-id=\"f961f14\" data-element_type=\"widget\" data-widget_type=\"heading.default\">\n\t\t\t\t<div class=\"elementor-widget-container\">\n\t\t\t\t\t<h2 class=\"elementor-heading-title elementor-size-default\">\u00bfQuienes Somos?<\/h2>\t\t\t\t<\/div>\n\t\t\t\t<\/div>\n\t\t\t\t<div class=\"elementor-element elementor-element-447144e elementor-widget elementor-widget-heading\" data-id=\"447144e\" data-element_type=\"widget\" data-widget_type=\"heading.default\">\n\t\t\t\t<div class=\"elementor-widget-container\">\n\t\t\t\t\t<h2 class=\"elementor-heading-title elementor-size-default\">Nuestra Historia<\/h2>\t\t\t\t<\/div>\n\t\t\t\t<\/div>\n\t\t\t\t<div class=\"elementor-element elementor-element-a7a3d15 elementor-widget elementor-widget-text-editor\" data-id=\"a7a3d15\" data-element_type=\"widget\" data-widget_type=\"text-editor.default\">\n\t\t\t\t<div class=\"elementor-widget-container\">\n\t\t\t\t\t\t\t\t\t<p class=\"\" data-start=\"0\" data-end=\"486\">Industrias y An\u00e1lisis Ambientales S.C. (IAAMB) naci\u00f3 hace dos d\u00e9cadas con el objetivo de brindar soluciones integrales a empresas de diversos sectores que requer\u00edan apoyo especializado en \u00e1reas clave como la gesti\u00f3n ambiental, la seguridad ocupacional y el control de calidad. Desde nuestros primeros d\u00edas, nos distinguimos por priorizar un enfoque comprometido con la sostenibilidad y la mejora continua, caracter\u00edsticas que nos posicionaron r\u00e1pidamente como un referente dentro de la industria.<\/p><p class=\"\" data-start=\"488\" data-end=\"1024\">A lo largo de 20 a\u00f1os de trayectoria, hemos logrado consolidar una base s\u00f3lida de clientes satisfechos, quienes destacan la calidad y efectividad de los servicios que ofrecen. Estos servicios incluyen an\u00e1lisis de impacto ambiental, desarrollo e implementaci\u00f3n de sistemas de gesti\u00f3n de calidad, asesoramiento en el cumplimiento de normativas nacionales e internacionales, as\u00ed como la creaci\u00f3n de estrategias personalizadas para la prevenci\u00f3n de riesgos laborales y la mejora de las condiciones de trabajo en empresas de todo tipo.<\/p>\t\t\t\t\t\t\t\t<\/div>\n\t\t\t\t<\/div>\n\t\t\t\t<div class=\"elementor-element elementor-element-af38e44 elementor-pagination-position-outside elementor-widget elementor-widget-image-carousel\" data-id=\"af38e44\" data-element_type=\"widget\" data-settings=\"{&quot;navigation&quot;:&quot;dots&quot;,&quot;autoplay&quot;:&quot;yes&quot;,&quot;pause_on_hover&quot;:&quot;yes&quot;,&quot;pause_on_interaction&quot;:&quot;yes&quot;,&quot;autoplay_speed&quot;:5000,&quot;infinite&quot;:&quot;yes&quot;,&quot;speed&quot;:500,&quot;image_spacing_custom&quot;:{&quot;unit&quot;:&quot;px&quot;,&quot;size&quot;:20,&quot;sizes&quot;:[]},&quot;image_spacing_custom_tablet&quot;:{&quot;unit&quot;:&quot;px&quot;,&quot;size&quot;:&quot;&quot;,&quot;sizes&quot;:[]},&quot;image_spacing_custom_mobile&quot;:{&quot;unit&quot;:&quot;px&quot;,&quot;size&quot;:&quot;&quot;,&quot;sizes&quot;:[]}}\" data-widget_type=\"image-carousel.default\">\n\t\t\t\t<div class=\"elementor-widget-container\">\n\t\t\t\t\t\t\t<div class=\"elementor-image-carousel-wrapper swiper\" role=\"region\" aria-roledescription=\"carousel\" aria-label=\"Carrusel de Im\u00e1genes\" dir=\"ltr\">\n\t\t\t<div class=\"elementor-image-carousel swiper-wrapper\" aria-live=\"off\">\n\t\t\t\t\t\t\t\t<div class=\"swiper-slide\" role=\"group\" aria-roledescription=\"slide\" aria-label=\"1 de 5\"><figure class=\"swiper-slide-inner\"><img decoding=\"async\" class=\"swiper-slide-image\" src=\"https:\/\/test.iaamb.com.mx\/wp-content\/uploads\/2025\/02\/WhatsApp-Image-2024-05-07-at-10.25.31-AM.jpg\" alt=\"WhatsApp Image 2024-05-07 at 10.25.31 AM\" \/><\/figure><\/div><div class=\"swiper-slide\" role=\"group\" aria-roledescription=\"slide\" aria-label=\"2 de 5\"><figure class=\"swiper-slide-inner\"><img decoding=\"async\" class=\"swiper-slide-image\" src=\"https:\/\/test.iaamb.com.mx\/wp-content\/uploads\/2025\/02\/WhatsApp-Image-2024-01-23-at-9.57.08-AM-3-scaled.jpg\" alt=\"WhatsApp Image 2024-01-23 at 9.57.08 AM (3)\" \/><\/figure><\/div><div class=\"swiper-slide\" role=\"group\" aria-roledescription=\"slide\" aria-label=\"3 de 5\"><figure class=\"swiper-slide-inner\"><img decoding=\"async\" class=\"swiper-slide-image\" src=\"https:\/\/test.iaamb.com.mx\/wp-content\/uploads\/2025\/02\/WhatsApp-Image-2024-05-07-at-3.58.51-PM.jpg\" alt=\"WhatsApp Image 2024-05-07 at 3.58.51 PM\" \/><\/figure><\/div><div class=\"swiper-slide\" role=\"group\" aria-roledescription=\"slide\" aria-label=\"4 de 5\"><figure class=\"swiper-slide-inner\"><img decoding=\"async\" class=\"swiper-slide-image\" src=\"https:\/\/test.iaamb.com.mx\/wp-content\/uploads\/2025\/02\/WhatsApp-Image-2024-05-07-at-8.59.58-AM-scaled.jpg\" alt=\"WhatsApp Image 2024-05-07 at 8.59.58 AM\" \/><\/figure><\/div><div class=\"swiper-slide\" role=\"group\" aria-roledescription=\"slide\" aria-label=\"5 de 5\"><figure class=\"swiper-slide-inner\"><img decoding=\"async\" class=\"swiper-slide-image\" src=\"https:\/\/test.iaamb.com.mx\/wp-content\/uploads\/2025\/02\/WhatsApp-Image-2024-10-16-at-4.08.14-PM-scaled.jpg\" alt=\"WhatsApp Image 2024-10-16 at 4.08.14 PM\" \/><\/figure><\/div>\t\t\t<\/div>\n\t\t\t\t\t\t\t\n\t\t\t\t\t\t\t\t\t<div class=\"swiper-pagination\"><\/div>\n\t\t\t\t\t\t\t\t\t<\/div>\n\t\t\t\t\t\t<\/div>\n\t\t\t\t<\/div>\n\t\t\t\t<div class=\"elementor-element elementor-element-8ad161f elementor-widget elementor-widget-text-editor\" data-id=\"8ad161f\" data-element_type=\"widget\" data-widget_type=\"text-editor.default\">\n\t\t\t\t<div class=\"elementor-widget-container\">\n\t\t\t\t\t\t\t\t\t<p class=\"\" data-start=\"1026\" data-end=\"1456\">Nuestro equipo est\u00e1 compuesto por un grupo multidisciplinario de profesionales altamente capacitados y comprometidos con el bienestar tanto de las personas como del medio ambiente. Su enfoque proactivo en la detecci\u00f3n y soluci\u00f3n de problemas ha sido clave para ayudar a las empresas a adaptarse a las crecientes exigencias regulatorias y a las demandas de sostenibilidad que actualmente marcan la pauta en el mundo corporativo.<\/p><p class=\"\" data-start=\"1458\" data-end=\"1858\">Gracias a la innovaci\u00f3n constante, hemos incorporado tecnolog\u00edas de vanguardia en sus procesos de an\u00e1lisis y evaluaci\u00f3n, lo que ha permitido ofrecer resultados m\u00e1s precisos y eficientes. Adem\u00e1s, la empresa mantiene una relaci\u00f3n cercana con sus clientes, orientada hacia la capacitaci\u00f3n continua y el fortalecimiento de capacidades internas en materia de gesti\u00f3n ambiental y seguridad en el trabajo.<\/p><p data-start=\"1458\" data-end=\"1858\">Este compromiso con la calidad y el medio ambiente ha sido reconocido en diversas ocasiones por entidades tanto p\u00fablicas como privadas, lo que nos ha valido la confianza de clientes nacionales e internacionales que conf\u00edan en nosotros como su socio estrat\u00e9gico en temas de sostenibilidad y desarrollo empresarial responsable. La experiencia y el profesionalismo de Industrias y An\u00e1lisis Ambientales S.C. contin\u00faan siendo la base de su \u00e9xito, proyect\u00e1ndose hacia el futuro con la misma \u00e9tica y dedicaci\u00f3n que la han caracterizado desde sus inicios.<\/p>\t\t\t\t\t\t\t\t<\/div>\n\t\t\t\t<\/div>\n\t\t\t\t\t<\/div>\n\t\t\t\t<\/div>\n\t\t<div class=\"elementor-element elementor-element-241a512 e-flex e-con-boxed e-con e-parent\" data-id=\"241a512\" data-element_type=\"container\">\n\t\t\t\t\t<div class=\"e-con-inner\">\n\t\t\t\t<div class=\"elementor-element elementor-element-91a8bdb elementor-widget elementor-widget-image\" data-id=\"91a8bdb\" data-element_type=\"widget\" data-widget_type=\"image.default\">\n\t\t\t\t<div class=\"elementor-widget-container\">\n\t\t\t\t\t\t\t\t\t\t\t\t\t\t\t<img fetchpriority=\"high\" decoding=\"async\" width=\"768\" height=\"375\" src=\"https:\/\/test.iaamb.com.mx\/wp-content\/uploads\/2025\/03\/pr2.jpg\" class=\"attachment-large size-large wp-image-696\" alt=\"\" srcset=\"https:\/\/test.iaamb.com.mx\/wp-content\/uploads\/2025\/03\/pr2.jpg 768w, https:\/\/test.iaamb.com.mx\/wp-content\/uploads\/2025\/03\/pr2-300x146.jpg 300w\" sizes=\"(max-width: 768px) 100vw, 768px\" \/>\t\t\t\t\t\t\t\t\t\t\t\t\t\t\t<\/div>\n\t\t\t\t<\/div>\n\t\t\t\t<div class=\"elementor-element elementor-element-cc2047f elementor-widget elementor-widget-image\" data-id=\"cc2047f\" data-element_type=\"widget\" data-widget_type=\"image.default\">\n\t\t\t\t<div class=\"elementor-widget-container\">\n\t\t\t\t\t\t\t\t\t\t\t\t\t\t\t<img decoding=\"async\" width=\"368\" height=\"375\" src=\"https:\/\/test.iaamb.com.mx\/wp-content\/uploads\/2025\/03\/datos1.jpg\" class=\"attachment-large size-large wp-image-700\" alt=\"\" srcset=\"https:\/\/test.iaamb.com.mx\/wp-content\/uploads\/2025\/03\/datos1.jpg 368w, https:\/\/test.iaamb.com.mx\/wp-content\/uploads\/2025\/03\/datos1-294x300.jpg 294w\" sizes=\"(max-width: 368px) 100vw, 368px\" \/>\t\t\t\t\t\t\t\t\t\t\t\t\t\t\t<\/div>\n\t\t\t\t<\/div>\n\t\t\t\t\t<\/div>\n\t\t\t\t<\/div>\n\t\t<div class=\"elementor-element elementor-element-e87620c e-flex e-con-boxed e-con e-parent\" data-id=\"e87620c\" data-element_type=\"container\">\n\t\t\t\t\t<div class=\"e-con-inner\">\n\t\t\t\t<div class=\"elementor-element elementor-element-526fbc3 elementor-widget elementor-widget-heading\" data-id=\"526fbc3\" data-element_type=\"widget\" data-widget_type=\"heading.default\">\n\t\t\t\t<div class=\"elementor-widget-container\">\n\t\t\t\t\t<h2 class=\"elementor-heading-title elementor-size-default\">Alcance Nacional<\/h2>\t\t\t\t<\/div>\n\t\t\t\t<\/div>\n\t\t\t\t<div class=\"elementor-element elementor-element-796e4ff elementor-widget elementor-widget-text-editor\" data-id=\"796e4ff\" data-element_type=\"widget\" data-widget_type=\"text-editor.default\">\n\t\t\t\t<div class=\"elementor-widget-container\">\n\t\t\t\t\t\t\t\t\t<p>Estamos orgullosos de ofrecer servicios con alcance a una gran parte de la Rep\u00fablica Mexicana.<\/p>\t\t\t\t\t\t\t\t<\/div>\n\t\t\t\t<\/div>\n\t\t<div class=\"elementor-element elementor-element-5479bd7 e-con-full e-flex e-con e-child\" data-id=\"5479bd7\" data-element_type=\"container\">\n\t\t\t\t<div class=\"elementor-element elementor-element-d4498a1 elementor-widget elementor-widget-image\" data-id=\"d4498a1\" data-element_type=\"widget\" data-widget_type=\"image.default\">\n\t\t\t\t<div class=\"elementor-widget-container\">\n\t\t\t\t\t\t\t\t\t\t\t\t\t\t\t<img decoding=\"async\" width=\"2000\" height=\"1000\" src=\"https:\/\/test.iaamb.com.mx\/wp-content\/uploads\/2025\/05\/Mapa2-1.png\" class=\"attachment-full size-full wp-image-1693\" alt=\"\" srcset=\"https:\/\/test.iaamb.com.mx\/wp-content\/uploads\/2025\/05\/Mapa2-1.png 2000w, https:\/\/test.iaamb.com.mx\/wp-content\/uploads\/2025\/05\/Mapa2-1-300x150.png 300w, https:\/\/test.iaamb.com.mx\/wp-content\/uploads\/2025\/05\/Mapa2-1-1024x512.png 1024w, https:\/\/test.iaamb.com.mx\/wp-content\/uploads\/2025\/05\/Mapa2-1-768x384.png 768w, https:\/\/test.iaamb.com.mx\/wp-content\/uploads\/2025\/05\/Mapa2-1-1536x768.png 1536w\" sizes=\"(max-width: 2000px) 100vw, 2000px\" \/>\t\t\t\t\t\t\t\t\t\t\t\t\t\t\t<\/div>\n\t\t\t\t<\/div>\n\t\t\t\t<\/div>\n\t\t\t\t\t<\/div>\n\t\t\t\t<\/div>\n\t\t\t\t<\/div>\n\t\t","protected":false},"excerpt":{"rendered":"<p>M\u00e1s de 20 a\u00f1os de experiencia Nuestra trayectoria nos permite ofrecer soluciones de alta calidad, construyendo relaciones de confianza con nuestros clientes. Acreditaciones y Aprobaciones Contamos con acreditaciones ante la EMA y aprobaciones ante STPS y SEMARNAT, lo que asegura la competencia t\u00e9cnica de nuestro personal y confiabilidad de nuestros resultados. Soluciones a medida Nos [&hellip;]<\/p>\n","protected":false},"author":1,"featured_media":0,"parent":0,"menu_order":0,"comment_status":"closed","ping_status":"closed","template":"elementor_header_footer","meta":{"footnotes":""},"class_list":["post-9","page","type-page","status-publish","hentry"],"jetpack_sharing_enabled":true,"_links":{"self":[{"href":"https:\/\/test.iaamb.com.mx\/index.php?rest_route=\/wp\/v2\/pages\/9","targetHints":{"allow":["GET"]}}],"collection":[{"href":"https:\/\/test.iaamb.com.mx\/index.php?rest_route=\/wp\/v2\/pages"}],"about":[{"href":"https:\/\/test.iaamb.com.mx\/index.php?rest_route=\/wp\/v2\/types\/page"}],"author":[{"embeddable":true,"href":"https:\/\/test.iaamb.com.mx\/index.php?rest_route=\/wp\/v2\/users\/1"}],"replies":[{"embeddable":true,"href":"https:\/\/test.iaamb.com.mx\/index.php?rest_route=%2Fwp%2Fv2%2Fcomments&post=9"}],"version-history":[{"count":184,"href":"https:\/\/test.iaamb.com.mx\/index.php?rest_route=\/wp\/v2\/pages\/9\/revisions"}],"predecessor-version":[{"id":1753,"href":"https:\/\/test.iaamb.com.mx\/index.php?rest_route=\/wp\/v2\/pages\/9\/revisions\/1753"}],"wp:attachment":[{"href":"https:\/\/test.iaamb.com.mx\/index.php?rest_route=%2Fwp%2Fv2%2Fmedia&parent=9"}],"curies":[{"name":"wp","href":"https:\/\/api.w.org\/{rel}","templated":true}]}}