{"id":3,"date":"2025-02-04T20:47:47","date_gmt":"2025-02-04T20:47:47","guid":{"rendered":"https:\/\/test.iaamb.com.mx\/?page_id=3"},"modified":"2025-06-02T20:47:37","modified_gmt":"2025-06-02T20:47:37","slug":"aviso-de-privacidad","status":"publish","type":"page","link":"https:\/\/test.iaamb.com.mx\/?page_id=3","title":{"rendered":"Aviso de Privacidad"},"content":{"rendered":"\t\t<div data-elementor-type=\"wp-page\" data-elementor-id=\"3\" class=\"elementor elementor-3\" data-elementor-post-type=\"page\">\n\t\t\t\t<div class=\"elementor-element elementor-element-54c33ee e-flex e-con-boxed e-con e-parent\" data-id=\"54c33ee\" data-element_type=\"container\">\n\t\t\t\t\t<div class=\"e-con-inner\">\n\t\t\t\t<div class=\"elementor-element elementor-element-b5130b8 elementor-widget elementor-widget-image\" data-id=\"b5130b8\" data-element_type=\"widget\" data-widget_type=\"image.default\">\n\t\t\t\t<div class=\"elementor-widget-container\">\n\t\t\t\t\t\t\t\t\t\t\t\t\t\t\t<img fetchpriority=\"high\" decoding=\"async\" width=\"800\" height=\"272\" src=\"https:\/\/test.iaamb.com.mx\/wp-content\/uploads\/2025\/02\/IAAMB-1-1024x348.png\" class=\"attachment-large size-large wp-image-1614\" alt=\"\" srcset=\"https:\/\/test.iaamb.com.mx\/wp-content\/uploads\/2025\/02\/IAAMB-1-1024x348.png 1024w, https:\/\/test.iaamb.com.mx\/wp-content\/uploads\/2025\/02\/IAAMB-1-300x102.png 300w, https:\/\/test.iaamb.com.mx\/wp-content\/uploads\/2025\/02\/IAAMB-1-768x261.png 768w, https:\/\/test.iaamb.com.mx\/wp-content\/uploads\/2025\/02\/IAAMB-1.png 1080w\" sizes=\"(max-width: 800px) 100vw, 800px\" \/>\t\t\t\t\t\t\t\t\t\t\t\t\t\t\t<\/div>\n\t\t\t\t<\/div>\n\t\t\t\t<div class=\"elementor-element elementor-element-8aa0c65 elementor-widget elementor-widget-heading\" data-id=\"8aa0c65\" data-element_type=\"widget\" data-widget_type=\"heading.default\">\n\t\t\t\t<div class=\"elementor-widget-container\">\n\t\t\t\t\t<h2 class=\"elementor-heading-title elementor-size-default\">Industrias y An\u00e1lisis Ambientales S.C.<\/h2>\t\t\t\t<\/div>\n\t\t\t\t<\/div>\n\t\t\t\t<div class=\"elementor-element elementor-element-687334b elementor-widget elementor-widget-heading\" data-id=\"687334b\" data-element_type=\"widget\" data-widget_type=\"heading.default\">\n\t\t\t\t<div class=\"elementor-widget-container\">\n\t\t\t\t\t<h2 class=\"elementor-heading-title elementor-size-default\">Aviso de Privacidad<\/h2>\t\t\t\t<\/div>\n\t\t\t\t<\/div>\n\t\t<div class=\"elementor-element elementor-element-3c24f9d e-con-full e-flex e-con e-child\" data-id=\"3c24f9d\" data-element_type=\"container\">\n\t\t\t\t<div class=\"elementor-element elementor-element-9a86a98 elementor-widget elementor-widget-text-editor\" data-id=\"9a86a98\" data-element_type=\"widget\" data-widget_type=\"text-editor.default\">\n\t\t\t\t<div class=\"elementor-widget-container\">\n\t\t\t\t\t\t\t\t\t<p><span style=\"font-weight: 400;\">Su privacidad y con\ufb01anza son muy importantes para Industrias y An\u00e1lisis Ambientales SC. Por ello, es nuestro deseo asegurarnos de que conozca como salvaguardamos la integridad, privacidad y protecci\u00f3n de sus datos personales, en apego a la Ley Federal de Protecci\u00f3n de Datos Personales en posesi\u00f3n de Particulares, publicadas en el Diario O\ufb01cial de la Federal el d\u00eda 20 de marzo de 2025.<\/span><\/p>\n<p><span style=\"font-weight: 400;\">Para Industrias y An\u00e1lisis Ambientales SC es necesaria la recopilaci\u00f3n de ciertos datos personales para llevar a cabo las actividades intr\u00ednsecas a su objeto social, por lo que tiene la obligaci\u00f3n legal y social de cumplir con las medidas, legales y de seguridad su\ufb01cientes para proteger aquellos datos personales que haya recabado para las \ufb01nalidades que en la presente pol\u00edtica de privacidad ser\u00e1n descritas.<\/span><\/p>\n<p><span style=\"font-weight: 400;\">Todo lo anterior se realiza con el objetivo de que usted tenga pleno control y decisi\u00f3n sobre sus datos personales, por ello le recomendamos que lea atentamente la siguiente informaci\u00f3n.<\/span><\/p>\n<p><span style=\"font-weight: 400;\">Usted tendr\u00e1 disponible en todo momento esta pol\u00edtica de privacidad en nuestra p\u00e1gina de internet en la direcci\u00f3n: http:\/\/www.iaamb.com.mx<\/span><\/p>\n<p><span style=\"font-weight: 400;\">En caso de realizarse alguna modi\ufb01caci\u00f3n a esta pol\u00edtica de privacidad se har\u00e1 de su conocimiento a trav\u00e9s de los procedimientos descritos posteriormente en el presente documento.<\/span><\/p>\n<ol>\n<li><b> Datos del responsable (la empresa)<\/b><\/li>\n<\/ol>\n<p><span style=\"font-weight: 400;\">Industrias y An\u00e1lisis Ambientales SC es una sociedad civil constituida de conformidad con las leyes de los Estados Unidos Mexicanos con domicilio en Avenida del Sendero 1679 Residencial Azaleas en Culiac\u00e1n, Sinaloa.<\/span><\/p>\n<ol start=\"2\">\n<li><b> Datos personales<\/b><\/li>\n<\/ol>\n<p><span style=\"font-weight: 400;\">La Empresa recabar\u00e1 de usted los datos personales que sean necesarios para la adecuada administraci\u00f3n de nuestra relaci\u00f3n contractual derivada de su inscripci\u00f3n a La Empresa en su car\u00e1cter de cliente. Dichos Datos Personales podr\u00e1n incluir todos o algunos de los siguientes, dependiendo de su relaci\u00f3n con La Empresa:<\/span><\/p>\n<ol>\n<li><span style=\"font-weight: 400;\">a) Datos de identi\ufb01caci\u00f3n: nombre o raz\u00f3n social, nombre del representante legal en su caso, domicilio \ufb01scal, RFC, direcci\u00f3n de e-mail para env\u00edo de CFDs.<\/span><\/li>\n<li><span style=\"font-weight: 400;\">b) Informaci\u00f3n de contacto de la persona encargada de los pagos y la persona que decide las compras en su organizaci\u00f3n, tales como nombre, cargo, tel\u00e9fono, direcci\u00f3n de e-mail y domicilio laboral.<\/span><\/li>\n<li><span style=\"font-weight: 400;\">c) Datos como descripciones de proceso, de materias primas e insumos, descripciones de puestos, nombres de trabajadores, descripci\u00f3n de instalaciones, relaci\u00f3n de maquinaria y equipo, y equipo de protecci\u00f3n personal asignado.<\/span><\/li>\n<\/ol>\n<p>\u00a0<\/p>\n<ol start=\"3\">\n<li><b> Finalidad del Tratamiento de Datos<\/b><\/li>\n<\/ol>\n<p><span style=\"font-weight: 400;\">Los datos personales que nos ha proporcionado ser\u00e1n utilizados para los siguientes \ufb01nes:<\/span><\/p>\n<ol>\n<li><span style=\"font-weight: 400;\"> La realizaci\u00f3n de todas las actividades relacionadas con su relaci\u00f3n como cliente de la Empresa, incluyendo de manera enunciativa mas no limitativa; actividades de cobranza, aclaraci\u00f3n, investigaci\u00f3n y facturaci\u00f3n de servicios que ofrece la empresa.<\/span><\/li>\n<li><span style=\"font-weight: 400;\"> La elaboraci\u00f3n de reportes, estudios y proyectos contratados.<\/span><\/li>\n<li><span style=\"font-weight: 400;\"> La realizaci\u00f3n de cualquier actividad complementaria o auxiliar necesaria para la prestaci\u00f3n de los servicios.<\/span><\/li>\n<li><span style=\"font-weight: 400;\"> Proporcionarle informaci\u00f3n a trav\u00e9s de env\u00edos de correo directo<\/span><\/li>\n<li><span style=\"font-weight: 400;\"> Ofrecimiento de bienes y servicios y;<\/span><\/li>\n<li><span style=\"font-weight: 400;\"> Establecer contacto para cualquier tema relacionado a los servicios o al presente aviso de privacidad.<\/span><\/li>\n<\/ol>\n<p>\u00a0<\/p>\n<ol start=\"4\">\n<li><b> Transferencia de datos<\/b><\/li>\n<\/ol>\n<p><span style=\"font-weight: 400;\">La Empresa se compromete a velar porque se cumplan todos los principios legales de protecci\u00f3n en torno a la transferencia de sus datos personales. De igual forma, mani\ufb01esta su compromiso para que se respete en todo momento, por nosotros y por nuestros socios comerciales, la presente pol\u00edtica de privacidad.<\/span><\/p>\n<p><span style=\"font-weight: 400;\">Sus datos no ser\u00e1n vendidos ni compartidos con ning\u00fan tercero ajeno a la Empresa y sus socios comerciales.<\/span><\/p>\n<p><span style=\"font-weight: 400;\">Estos solo ser\u00e1n compartidos a las autoridades cuando as\u00ed lo amerite la emisi\u00f3n de alg\u00fan dictamen de cumplimiento, acto que solo ser\u00e1 realizado bajo la autorizaci\u00f3n expresa de sus representantes legales.<\/span><\/p>\n<ol start=\"5\">\n<li><b> Medios para ejercer los Derechos ARCO<br \/><\/b><\/li>\n<\/ol>\n<p><span style=\"font-weight: 400;\">Conforme a la Ley Federal de Protecci\u00f3n de Datos Personales en Posesi\u00f3n de Particulares, el titular por s\u00ed o mediante representante legal debidamente acreditado, podr\u00e1 ejercer sus derechos de acceso, recti\ufb01caci\u00f3n, cancelaci\u00f3n y oposici\u00f3n directamente ante la Unidad Especial de Atenci\u00f3n a la Privacidad.<\/span><\/p>\n<p>I. Acceso. &#8211; Usted podr\u00e1 solicitar en todo momento conocer qu\u00e9 datos suyos han sido recabados y conserva el responsable.<\/p>\n<p>II. Recti\ufb01caci\u00f3n. &#8211; En caso de que alguno de sus datos sea inexacto o incompleto podr\u00e1 solicitar su correcci\u00f3n, debiendo adjuntar la documentaci\u00f3n que acredite dicha modi\ufb01caci\u00f3n.<\/p>\n<p><span style=\"font-weight: 400;\">III. Cancelaci\u00f3n. &#8211; Podr\u00e1 solicitarse en todo momento la cancelaci\u00f3n de los datos; en caso de ser procedente la solicitud, los datos entrar\u00e1n al per\u00edodo de bloqueo en el cual no podr\u00e1n ser tratados de ninguna manera para su posterior supresi\u00f3n.<\/span><\/p>\n<p>IV. Oposici\u00f3n. &#8211; En todo momento el titular podr\u00e1 negarse por causa justi\ufb01cada al tratamiento de sus datos personales.<\/p>\n<p><span style=\"font-weight: 400;\">Para facilitarle el ejercicio de sus derechos puede contactar personalmente personal de la Empresa, cuyos datos se mencionan posteriormente en el presente documento.<\/span><\/p>\n<p><span style=\"font-weight: 400;\">Adicionalmente, usted podr\u00e1 optar en cualquier momento por ser excluido de nuestra base de correos electr\u00f3nicos promocionales con tan solo enviar a la direcci\u00f3n marielabaez@iaamb.com.mx un mensaje de correo desde la direcci\u00f3n que desea dar de baja de nuestra base con el texto &#8220;CANCELAR ENVIO DE INFORMACI\u00d3N&#8221; en el campo de &#8220;Asunto&#8221; del mismo.<\/span><\/p>\n<ol start=\"6\">\n<li><b> Cambios en la Pol\u00edtica de Privacidad<\/b><\/li>\n<\/ol>\n<p><span style=\"font-weight: 400;\">Cualquier cambio sustancial o total que se realice a la Pol\u00edtica de Privacidad podr\u00e1 ser realizado por la empresa, mismo que se dar\u00e1 a conocer a nuestros clientes mediante correo electr\u00f3nico a la direcci\u00f3n que para tales efectos se tenga registrado, o a trav\u00e9s de nuestra p\u00e1gina (<\/span><a href=\"http:\/\/www.iaamb.com.mx\"><span style=\"font-weight: 400;\">www.iaamb.com.mx<\/span><\/a><span style=\"font-weight: 400;\">).<\/span><\/p>\n<ol start=\"7\">\n<li><b> Departamento de Atenci\u00f3n a la Privacidad de Clientes<\/b><\/li>\n<\/ol>\n<p><span style=\"font-weight: 400;\">Responsable: Gesti\u00f3n de Calidad<br \/><\/span><span style=\"font-weight: 400;\">Ubicaci\u00f3n: Avenida del Sendero 1679 Residencial Azaleas, CP 80058 Culiac\u00e1n Sinaloa<br \/><\/span><span style=\"font-weight: 400;\">Tel\u00e9fono: (667) 71666699\u00a0<br \/><\/span><span style=\"font-weight: 400;\">Email: atencionalcliente@iaamb.com.mx<br \/><\/span><span style=\"font-weight: 400;\">Horario: De lunes a viernes de 8:30 a 17:30 horas.<\/span><\/p>\n<p><span style=\"font-weight: 400;\">De conformidad con lo previsto en los art\u00edculos 7, 8, 12 y 35 de la Ley Federal de protecci\u00f3n de Datos Personales por medio de la presente:<\/span><\/p>\n<p><span style=\"font-weight: 400;\">I. Reconozco que he le\u00eddo y entiendo los alcances del presente Aviso de Privacidad;<\/span><\/p>\n<p>II. Autorizo de forma expresa la divulgaci\u00f3n de mis datos personales a trav\u00e9s de sistemas de c\u00f3mputo de acceso restringido exclusivamente a empleados y directivos de Industrias y An\u00e1lisis Ambientales, as\u00ed como a sus empresas subsidiarias.<\/p>\n<p><span style=\"font-weight: 400;\">III. Autorizo de forma expresa a Industrias y An\u00e1lisis Ambientales SC a recabar y tratar mis datos personales para los \ufb01nes establecidos de conformidad con lo previsto en el presente Aviso de Privacidad, documento que pueden ser modi\ufb01cado tras cambio en las disposiciones legales aplicables.<\/span><\/p>\n<p>IV. Autorizo a la Empresa de forma expresa a transmitir mis datos personales a las personas previstas en el presente Aviso de Privacidad.<\/p>\t\t\t\t\t\t\t\t<\/div>\n\t\t\t\t<\/div>\n\t\t\t\t<\/div>\n\t\t\t\t\t<\/div>\n\t\t\t\t<\/div>\n\t\t\t\t<\/div>\n\t\t","protected":false},"excerpt":{"rendered":"<p>Industrias y An\u00e1lisis Ambientales S.C. Aviso de Privacidad Su privacidad y con\ufb01anza son muy importantes para Industrias y An\u00e1lisis Ambientales SC. Por ello, es nuestro deseo asegurarnos de que conozca como salvaguardamos la integridad, privacidad y protecci\u00f3n de sus datos personales, en apego a la Ley Federal de Protecci\u00f3n de Datos Personales en posesi\u00f3n de [&hellip;]<\/p>\n","protected":false},"author":1,"featured_media":0,"parent":0,"menu_order":0,"comment_status":"closed","ping_status":"closed","template":"elementor_header_footer","meta":{"footnotes":""},"class_list":["post-3","page","type-page","status-publish","hentry"],"jetpack_sharing_enabled":true,"_links":{"self":[{"href":"https:\/\/test.iaamb.com.mx\/index.php?rest_route=\/wp\/v2\/pages\/3","targetHints":{"allow":["GET"]}}],"collection":[{"href":"https:\/\/test.iaamb.com.mx\/index.php?rest_route=\/wp\/v2\/pages"}],"about":[{"href":"https:\/\/test.iaamb.com.mx\/index.php?rest_route=\/wp\/v2\/types\/page"}],"author":[{"embeddable":true,"href":"https:\/\/test.iaamb.com.mx\/index.php?rest_route=\/wp\/v2\/users\/1"}],"replies":[{"embeddable":true,"href":"https:\/\/test.iaamb.com.mx\/index.php?rest_route=%2Fwp%2Fv2%2Fcomments&post=3"}],"version-history":[{"count":46,"href":"https:\/\/test.iaamb.com.mx\/index.php?rest_route=\/wp\/v2\/pages\/3\/revisions"}],"predecessor-version":[{"id":1766,"href":"https:\/\/test.iaamb.com.mx\/index.php?rest_route=\/wp\/v2\/pages\/3\/revisions\/1766"}],"wp:attachment":[{"href":"https:\/\/test.iaamb.com.mx\/index.php?rest_route=%2Fwp%2Fv2%2Fmedia&parent=3"}],"curies":[{"name":"wp","href":"https:\/\/api.w.org\/{rel}","templated":true}]}}